{"id":38,"date":"2020-10-22T08:30:50","date_gmt":"2020-10-22T08:30:50","guid":{"rendered":"https:\/\/rehabil.hu\/new\/?page_id=38"},"modified":"2024-08-05T22:09:32","modified_gmt":"2024-08-05T20:09:32","slug":"rehabil-rehabilitacios-foglalkoztato-es-szolgaltato-kozhasznu-nonprofit-kft","status":"publish","type":"page","link":"https:\/\/rehabil.hu\/en\/","title":{"rendered":""},"content":{"rendered":"<div class=\"wp-block-media-text alignwide is-stacked-on-mobile\"><figure class=\"wp-block-media-text__media\"><a href=\"https:\/\/rehabil.hu\/en\/palyazat-ginop-1-2-14-20-2021-00209\/\"><img loading=\"lazy\" decoding=\"async\" width=\"1024\" height=\"709\" src=\"https:\/\/rehabil.hu\/wp-content\/uploads\/2023\/07\/palyazat-1024x709.png\" alt=\"\" class=\"wp-image-210 size-full\" srcset=\"https:\/\/rehabil.hu\/wp-content\/uploads\/2023\/07\/palyazat-1024x709.png 1024w, https:\/\/rehabil.hu\/wp-content\/uploads\/2023\/07\/palyazat-300x208.png 300w, https:\/\/rehabil.hu\/wp-content\/uploads\/2023\/07\/palyazat-768x532.png 768w, https:\/\/rehabil.hu\/wp-content\/uploads\/2023\/07\/palyazat.png 1085w\" sizes=\"auto, (max-width: 706px) 89vw, (max-width: 767px) 82vw, 740px\" \/><\/a><\/figure><div class=\"wp-block-media-text__content\">\n<p><strong>Eur\u00f3pai Strukt\u00far\u00e1lis \u00e9s Beruh\u00e1z\u00e1si Alapokb\u00f3l finansz\u00edrozott<\/strong><\/p>\n<\/div><\/div>\n\n\n\n<p><\/p>\n\n\n\n<p><strong>Introduction<\/strong><\/p>\n\n\n\n<p>Rehabil K\u00f6zhaszn\u00fa Nonprofit Kft. was founded in December 2002 with the aim of facilitating the employment of workers who lives with disability- in the area of B\u00e9k\u00e9s county, improving their living conditions, and supporting their social integration.<\/p>\n\n\n\n<p class=\"has-text-align-left\"><br>Our initial activities following the folk traditions of B\u00e9k\u00e9s were gradually terminated, the main activity of the company became the production of outerwear, which we do at two sites - in B\u00e9k\u00e9s and B\u00e9k\u00e9scsaba - as part of leasing work. <\/p>\n\n\n\n<p class=\"has-text-align-left\"><\/p>\n\n\n\n<div class=\"wp-block-media-text is-stacked-on-mobile\" style=\"grid-template-columns:47% auto\"><figure class=\"wp-block-media-text__media\"><img loading=\"lazy\" decoding=\"async\" width=\"1024\" height=\"683\" src=\"https:\/\/rehabil.hu\/wp-content\/uploads\/2021\/06\/IMG_3234-1-1024x683.jpg\" alt=\"\" class=\"wp-image-126 size-full\" srcset=\"https:\/\/rehabil.hu\/wp-content\/uploads\/2021\/06\/IMG_3234-1-1024x683.jpg 1024w, https:\/\/rehabil.hu\/wp-content\/uploads\/2021\/06\/IMG_3234-1-300x200.jpg 300w, https:\/\/rehabil.hu\/wp-content\/uploads\/2021\/06\/IMG_3234-1-768x512.jpg 768w, https:\/\/rehabil.hu\/wp-content\/uploads\/2021\/06\/IMG_3234-1-1536x1024.jpg 1536w, https:\/\/rehabil.hu\/wp-content\/uploads\/2021\/06\/IMG_3234-1-2048x1365.jpg 2048w\" sizes=\"auto, (max-width: 706px) 89vw, (max-width: 767px) 82vw, 740px\" \/><\/figure><div class=\"wp-block-media-text__content\">\n<p>Currently we employ disabled and healthy employees within the framework of integrated employment. The integrated employment model is completed by the professional work of rehabilitation consultants and rehabilitation mentors. The average statistical number of Rehabil K\u00f6zhaszn\u00fa Nonprofit Kft. is 105, of which 77 are employees live with disabilities<\/p>\n<\/div><\/div>\n\n\n\n<p><\/p>\n\n\n\n<p><\/p>\n\n\n\n<p id=\"Varroda\"><strong>Sewing factory<\/strong><\/p>\n\n\n\n<p><\/p>\n\n\n\n<div class=\"wp-block-media-text is-stacked-on-mobile\" style=\"grid-template-columns:39% auto\"><figure class=\"wp-block-media-text__media\"><img loading=\"lazy\" decoding=\"async\" width=\"683\" height=\"1024\" src=\"https:\/\/rehabil.hu\/wp-content\/uploads\/2021\/06\/IMG_3174-683x1024.jpg\" alt=\"\" class=\"wp-image-131 size-full\" srcset=\"https:\/\/rehabil.hu\/wp-content\/uploads\/2021\/06\/IMG_3174-683x1024.jpg 683w, https:\/\/rehabil.hu\/wp-content\/uploads\/2021\/06\/IMG_3174-200x300.jpg 200w, https:\/\/rehabil.hu\/wp-content\/uploads\/2021\/06\/IMG_3174-768x1152.jpg 768w, https:\/\/rehabil.hu\/wp-content\/uploads\/2021\/06\/IMG_3174-1024x1536.jpg 1024w, https:\/\/rehabil.hu\/wp-content\/uploads\/2021\/06\/IMG_3174-1365x2048.jpg 1365w, https:\/\/rehabil.hu\/wp-content\/uploads\/2021\/06\/IMG_3174-scaled.jpg 1707w\" sizes=\"auto, (max-width: 683px) 100vw, 683px\" \/><\/figure><div class=\"wp-block-media-text__content\">\n<p>Our sewing factories are located in two premises in B\u00e9k\u00e9s and B\u00e9k\u00e9scsaba. In our factories, within high-quality production, we produce ready-to-wear outerwear as well as other clothing accessories.<\/p>\n\n\n\n<p>We employ 64 people in B\u00e9k\u00e9s, and 39 people in B\u00e9k\u00e9scsaba, the proportion of employees with disabilities is 73 %.<\/p>\n<\/div><\/div>\n\n\n\n<p><br>Beside our extensive machinery we have disposal of tailoring section in our factory<\/p>\n\n\n\n<p><br>In addition to our extensive, long-term cooperation with our partner network, we are always open to getting to know new actors of the market. We provide an incubation program for newly launched startup companies, within the framework of which we mentor and help new market players in the fashion industry with our decades of professional experience.<\/p>\n\n\n\n<p><\/p>\n\n\n\n<p><\/p>\n\n\n\n<p><\/p>\n\n\n\n<p><\/p>\n\n\n\n<p><\/p>\n\n\n\n<p id=\"Partnereink\"><strong>Our Partners<\/strong><\/p>\n\n\n\n<figure class=\"wp-block-image size-full\"><img loading=\"lazy\" decoding=\"async\" width=\"650\" height=\"145\" src=\"https:\/\/rehabil.hu\/wp-content\/uploads\/2024\/08\/all.png\" alt=\"\" class=\"wp-image-261\" srcset=\"https:\/\/rehabil.hu\/wp-content\/uploads\/2024\/08\/all.png 650w, https:\/\/rehabil.hu\/wp-content\/uploads\/2024\/08\/all-300x67.png 300w\" sizes=\"auto, (max-width: 650px) 100vw, 650px\" \/><\/figure>\n\n\n\n<p><\/p>\n\n\n\n<p><\/p>\n\n\n\n<p><\/p>\n\n\n\n<p><\/p>\n\n\n\n<p><\/p>\n\n\n\n<p><\/p>\n\n\n\n<p><\/p>","protected":false},"excerpt":{"rendered":"<p>Eur\u00f3pai Strukt\u00far\u00e1lis \u00e9s Beruh\u00e1z\u00e1si Alapokb\u00f3l finansz\u00edrozott Bemutatkoz\u00e1s A Rehabil K\u00f6zhaszn\u00fa Nonprofit Kft. 2002 december\u00e9ben azzal a c\u00e9llal alakult, hogy a t\u00e9rs\u00e9gben \u00e9l\u0151 megv\u00e1ltozott munkak\u00e9pess\u00e9g\u0171 munkav\u00e1llal\u00f3k foglalkoztat\u00e1s\u00e1t el\u0151seg\u00edtse, \u00e9letk\u00f6r\u00fclm\u00e9nyeiket jav\u00edtsa, szoci\u00e1lis \u00e9s t\u00e1rsadalmi beilleszked\u00e9s\u00fcket t\u00e1mogassa. A kezdeti b\u00e9k\u00e9si n\u00e9phagyom\u00e1nyokat k\u00f6vet\u0151 tev\u00e9kenys\u00e9geink fokozatosan h\u00e1tter\u00e9be szorultak, a v\u00e1llalkoz\u00e1s f\u0151 tev\u00e9kenys\u00e9ge fels\u0151ruh\u00e1zat gy\u00e1rt\u00e1sa lett, melyet k\u00e9t telephelyen \u2013 B\u00e9k\u00e9sen &hellip; <\/p>\n<p class=\"link-more\"><a href=\"https:\/\/rehabil.hu\/en\/\" class=\"more-link\">Continue reading<span class=\"screen-reader-text\"> &#8222;&#8221;<\/span><\/a><\/p>","protected":false},"author":1,"featured_media":0,"parent":0,"menu_order":0,"comment_status":"closed","ping_status":"closed","template":"","meta":{"footnotes":""},"class_list":["post-38","page","type-page","status-publish","hentry"],"_links":{"self":[{"href":"https:\/\/rehabil.hu\/en\/wp-json\/wp\/v2\/pages\/38","targetHints":{"allow":["GET"]}}],"collection":[{"href":"https:\/\/rehabil.hu\/en\/wp-json\/wp\/v2\/pages"}],"about":[{"href":"https:\/\/rehabil.hu\/en\/wp-json\/wp\/v2\/types\/page"}],"author":[{"embeddable":true,"href":"https:\/\/rehabil.hu\/en\/wp-json\/wp\/v2\/users\/1"}],"replies":[{"embeddable":true,"href":"https:\/\/rehabil.hu\/en\/wp-json\/wp\/v2\/comments?post=38"}],"version-history":[{"count":17,"href":"https:\/\/rehabil.hu\/en\/wp-json\/wp\/v2\/pages\/38\/revisions"}],"predecessor-version":[{"id":314,"href":"https:\/\/rehabil.hu\/en\/wp-json\/wp\/v2\/pages\/38\/revisions\/314"}],"wp:attachment":[{"href":"https:\/\/rehabil.hu\/en\/wp-json\/wp\/v2\/media?parent=38"}],"curies":[{"name":"wp","href":"https:\/\/api.w.org\/{rel}","templated":true}]}}