{"id":182,"date":"2022-09-12T12:14:33","date_gmt":"2022-09-12T12:14:33","guid":{"rendered":"https:\/\/rehabil.hu\/?page_id=182"},"modified":"2022-09-12T12:14:33","modified_gmt":"2022-09-12T12:14:33","slug":"in-english","status":"publish","type":"page","link":"https:\/\/rehabil.hu\/en\/in-english\/","title":{"rendered":"In English"},"content":{"rendered":"<p>The Rehabil Kft. has been operating since 2002. We have two premises in B\u00e9k\u00e9s county, Hungary.<\/p>\n\n\n\n<p>Our biggest premise is in B\u00e9k\u00e9s, in this factory we have a preperative section a tailoring room, a sewing section and an ender or packaging section. Our machinery contains cutting machines, sewing machines with various mode of stiches, welding machines, ironing machines, compactors. This year we earn a tender so we can develop our machinery and automatize our sewing factrories.<\/p>\n\n\n\n<p>We have 111&nbsp; employees, 60 % of them have been living with disabilities. The fluctuation at the workplaces are low. The productivity rate is around 80 %.<\/p>\n\n\n\n<p>Our major profile is high quality overclothes \u2013 as coats and ski jackets- as lease work. Our main partners are Ortovox and Moncler.<\/p>\n\n\n\n<p>Beside that we produce bags to Hungary for the YKRA, baby and kid\u2019s clothing to France for the Bonpoint, safety lifejackets to Sweden for the Baltic.<\/p>","protected":false},"excerpt":{"rendered":"<p>The Rehabil Kft. has been operating since 2002. We have two premises in B\u00e9k\u00e9s county, Hungary. Our biggest premise is in B\u00e9k\u00e9s, in this factory we have a preperative section a tailoring room, a sewing section and an ender or packaging section. Our machinery contains cutting machines, sewing machines with various mode of stiches, welding &hellip; <\/p>\n<p class=\"link-more\"><a href=\"https:\/\/rehabil.hu\/en\/in-english\/\" class=\"more-link\">Continue reading<span class=\"screen-reader-text\"> &#8222;In English&#8221;<\/span><\/a><\/p>","protected":false},"author":1,"featured_media":0,"parent":0,"menu_order":0,"comment_status":"closed","ping_status":"closed","template":"","meta":{"footnotes":""},"class_list":["post-182","page","type-page","status-publish","hentry"],"_links":{"self":[{"href":"https:\/\/rehabil.hu\/en\/wp-json\/wp\/v2\/pages\/182","targetHints":{"allow":["GET"]}}],"collection":[{"href":"https:\/\/rehabil.hu\/en\/wp-json\/wp\/v2\/pages"}],"about":[{"href":"https:\/\/rehabil.hu\/en\/wp-json\/wp\/v2\/types\/page"}],"author":[{"embeddable":true,"href":"https:\/\/rehabil.hu\/en\/wp-json\/wp\/v2\/users\/1"}],"replies":[{"embeddable":true,"href":"https:\/\/rehabil.hu\/en\/wp-json\/wp\/v2\/comments?post=182"}],"version-history":[{"count":1,"href":"https:\/\/rehabil.hu\/en\/wp-json\/wp\/v2\/pages\/182\/revisions"}],"predecessor-version":[{"id":183,"href":"https:\/\/rehabil.hu\/en\/wp-json\/wp\/v2\/pages\/182\/revisions\/183"}],"wp:attachment":[{"href":"https:\/\/rehabil.hu\/en\/wp-json\/wp\/v2\/media?parent=182"}],"curies":[{"name":"wp","href":"https:\/\/api.w.org\/{rel}","templated":true}]}}